{"id":33,"date":"2024-07-16T19:48:41","date_gmt":"2024-07-16T17:48:41","guid":{"rendered":"https:\/\/tuentrenadorpersonalperu.vip\/?page_id=33"},"modified":"2026-02-10T12:22:06","modified_gmt":"2026-02-10T17:22:06","slug":"home","status":"publish","type":"page","link":"https:\/\/tuentrenadorpersonalperu.vip\/","title":{"rendered":"Home"},"content":{"rendered":"\n<div class=\"wp-block-uagb-container uagb-block-f5b5b2de alignfull uagb-is-root-container\"><\/div>\n\n\n\n<div style=\"height:24px\" aria-hidden=\"true\" class=\"wp-block-spacer\"><\/div>\n\n\n\n<div class=\"wp-block-uagb-advanced-heading uagb-block-459e6e99\" id=\"bienvenido\"><h2 class=\"uagb-heading-text\"> EMPIEZA AHORA  2026<\/h2><\/div>\n\n\n\n<div style=\"height:6px\" aria-hidden=\"true\" class=\"wp-block-spacer\"><\/div>\n\n\n\n<div class=\"wp-block-uagb-container uagb-block-3e2fe97a alignfull uagb-is-root-container\"><div class=\"uagb-container-inner-blocks-wrap\">\n<div class=\"wp-block-uagb-container uagb-block-267c29c5\">\n<div class=\"wp-block-uagb-info-box uagb-block-71129fd1 uagb-infobox__content-wrap  uagb-infobox-icon-above-title uagb-infobox-image-valign-top\"><div class=\"uagb-ifb-content\"><div class=\"uagb-ifb-title-wrap\"><h3 class=\"uagb-ifb-title\"><strong>HOY JULIO 2024<\/strong><\/h3><\/div><p class=\"uagb-ifb-desc\"><strong>Hola, es un gusto tenerte en nuestra web orientado a tu entrenamiento personal que har\u00e1 que adelgaces, fortalezcas tus m\u00fasculos y\/o trates algunas de esas enfermedades en donde el ejercicio f\u00edsico te ayudar\u00e1. Por tanto, a la hora de entrenar, un personal trainer a domicilio es tu mejor opci\u00f3n cuando no hay la voluntad necesaria para ejercitarte por ti mismo.<\/strong><br><strong>\u00bfQuieres empezar ya?<\/strong><\/p><\/div><\/div>\n<\/div>\n\n\n\n<div class=\"wp-block-uagb-container uagb-block-ca4605e3\">\n<div class=\"wp-block-uagb-image aligncenter uagb-block-a89715f6 wp-block-uagb-image--layout-default wp-block-uagb-image--effect-static wp-block-uagb-image--align-center\"><figure class=\"wp-block-uagb-image__figure\"><img decoding=\"async\" srcset=\"https:\/\/tuentrenadorpersonalperu.vip\/wp-content\/uploads\/2024\/07\/ejercicio-fisico-y-diabetes-mellitus21-d.jpg ,https:\/\/tuentrenadorpersonalperu.vip\/wp-content\/uploads\/2024\/07\/ejercicio-fisico-y-diabetes-mellitus21-d.jpg 780w, https:\/\/tuentrenadorpersonalperu.vip\/wp-content\/uploads\/2024\/07\/ejercicio-fisico-y-diabetes-mellitus21-d.jpg 360w\" sizes=\"auto, (max-width: 480px) 150px\" src=\"https:\/\/tuentrenadorpersonalperu.vip\/wp-content\/uploads\/2024\/07\/ejercicio-fisico-y-diabetes-mellitus21-d.jpg\" alt=\"\" class=\"uag-image-88\" width=\"1081\" height=\"667\" title=\"ejercicio-fisico-y-diabetes-mellitus21-d\" loading=\"lazy\" role=\"img\"\/><\/figure><\/div>\n\n\n\n<p>Damos entrenamientos a hombres y mujeres<\/p>\n<\/div>\n<\/div><\/div>\n\n\n\n<div style=\"height:51px\" aria-hidden=\"true\" class=\"wp-block-spacer\"><\/div>\n\n\n\n<div class=\"wp-block-uagb-container uagb-block-cf4661c1 alignfull uagb-is-root-container\"><div class=\"uagb-container-inner-blocks-wrap\">\n<div class=\"wp-block-uagb-container uagb-block-38cfeb82\"><\/div>\n\n\n\n<div data-aos= \"flip-left\" data-aos-duration=\"400\" data-aos-delay=\"0\" data-aos-easing=\"ease\" data-aos-once=\"true\" class=\"wp-block-uagb-container uagb-block-8a0bd0c3\">\n<div class=\"wp-block-uagb-container uagb-block-91652304\"><\/div>\n<\/div>\n<\/div><\/div>\n\n\n\n<div style=\"height:42px\" aria-hidden=\"true\" class=\"wp-block-spacer\"><\/div>\n\n\n\n<div class=\"wp-block-uagb-advanced-heading uagb-block-67452740\" id=\"entrenamientos\"><h2 class=\"uagb-heading-text\">ENTRENAMIENTOS<\/h2><\/div>\n\n\n\n<div style=\"height:12px\" aria-hidden=\"true\" class=\"wp-block-spacer\"><\/div>\n\n\n\n<div class=\"wp-block-uagb-container uagb-block-bb68af55 alignfull uagb-is-root-container\">\n<div class=\"wp-block-uagb-container uagb-block-90c42e9a\">\n<div class=\"wp-block-uagb-info-box uagb-block-99e7933e uagb-infobox__content-wrap  uagb-infobox-icon-above-title uagb-infobox-image-valign-top\"><div class=\"uagb-ifb-content\"><div class=\"uagb-ifb-title-wrap\"><h3 class=\"uagb-ifb-title\">Caja de informaci\u00f3n<\/h3><\/div><p class=\"uagb-ifb-desc\"><br><br><br><strong>Los entrenamientos son de acuerdo a las necesidades del cliente, tomando en cuenta su edad y cualquier lesi\u00f3n cr\u00f3nica que pudiera tener como dolor de rodillas, hernias lumbares, etc. Deber\u00e1n mostrar prescripci\u00f3n m\u00e9dica si est\u00e1n tratando alguna enfermedad cardiovascular, hipertensi\u00f3n y otros.<\/strong><\/p><\/div><\/div>\n<\/div>\n<\/div>\n\n\n\n<div style=\"height:36px\" aria-hidden=\"true\" class=\"wp-block-spacer\"><\/div>\n\n\n\n<div class=\"wp-block-uagb-advanced-heading uagb-block-93bc1dd6\" id=\"planes\"><h2 class=\"uagb-heading-text\"><strong>PLAN Y <\/strong>CONDICIONES<\/h2><\/div>\n\n\n\n<div class=\"wp-block-uagb-container uagb-block-eaaa49ca alignfull uagb-is-root-container\"><div class=\"uagb-container-inner-blocks-wrap\">\n<div class=\"wp-block-uagb-container uagb-block-5c339d66\">\n<div class=\"wp-block-uagb-slider uagb-block-a714987c uagb-slider-container\"><div class=\"uagb-slides uagb-swiper\"><div class=\"swiper-wrapper\">\n<div class=\"wp-block-uagb-slider-child uagb-slider-child-wrap swiper-slide uagb-block-a14cba8d\"><div class=\"swiper-content\">\n<div class=\"wp-block-uagb-container uagb-block-4942db72\">\n<div class=\"wp-block-uagb-image uagb-block-f6fc118e wp-block-uagb-image--layout-default wp-block-uagb-image--effect-static wp-block-uagb-image--align-none\"><figure class=\"wp-block-uagb-image__figure\"><img decoding=\"async\" srcset=\"https:\/\/tuentrenadorpersonalperu.vip\/wp-content\/uploads\/2025\/03\/imagen32-riot.png ,https:\/\/tuentrenadorpersonalperu.vip\/wp-content\/uploads\/2025\/03\/imagen32-riot.png 780w, https:\/\/tuentrenadorpersonalperu.vip\/wp-content\/uploads\/2025\/03\/imagen32-riot.png 360w\" sizes=\"auto, (max-width: 480px) 150px\" src=\"https:\/\/tuentrenadorpersonalperu.vip\/wp-content\/uploads\/2025\/03\/imagen32-riot.png\" alt=\"Personal trainer-2025\" class=\"uag-image-387\" width=\"293\" height=\"477\" title=\"imagen32-riot\" loading=\"lazy\" role=\"img\"\/><\/figure><\/div>\n<\/div>\n<\/div><\/div>\n\n\n\n<div class=\"wp-block-uagb-slider-child uagb-slider-child-wrap swiper-slide uagb-block-a80c1217\"><div class=\"swiper-content\">\n<div class=\"wp-block-uagb-container uagb-block-a2acf30e\">\n<div class=\"wp-block-uagb-info-box uagb-block-4c90c2c2 uagb-infobox__content-wrap  uagb-infobox-icon-above-title uagb-infobox-image-valign-top\"><div class=\"uagb-ifb-content\"><div class=\"uagb-ifb-title-wrap\"><h3 class=\"uagb-ifb-title\"><strong>PLAN ADELGAZAR<\/strong><\/h3><\/div><p class=\"uagb-ifb-desc\"><strong>DESH\u00c1GASE DEL EXCESO DE GRASA<\/strong><br><strong>Y FORTALEZCA SU MUSCULATURA<\/strong><\/p><\/div><\/div>\n\n\n\n<div class=\"wp-block-uagb-icon-list uagb-block-a915a0e2\"><div class=\"uagb-icon-list__wrap\">\n<div class=\"wp-block-uagb-icon-list-child uagb-block-454f6305\"><span class=\"uagb-icon-list__source-wrap\"><svg xmlns=\"https:\/\/www.w3.org\/2000\/svg\" viewBox=\"0 0 512 512\"><path d=\"M256 0C114.6 0 0 114.6 0 256c0 141.4 114.6 256 256 256s256-114.6 256-256C512 114.6 397.4 0 256 0zM406.6 278.6l-103.1 103.1c-12.5 12.5-32.75 12.5-45.25 0s-12.5-32.75 0-45.25L306.8 288H128C110.3 288 96 273.7 96 256s14.31-32 32-32h178.8l-49.38-49.38c-12.5-12.5-12.5-32.75 0-45.25s32.75-12.5 45.25 0l103.1 103.1C414.6 241.3 416 251.1 416 256C416 260.9 414.6 270.7 406.6 278.6z\"><\/path><\/svg><\/span><span class=\"uagb-icon-list__label\">12 sesiones al mes min. 3\/semana<\/span><\/div>\n\n\n\n<div class=\"wp-block-uagb-icon-list-child uagb-block-3955a1b1\"><span class=\"uagb-icon-list__source-wrap\"><svg xmlns=\"https:\/\/www.w3.org\/2000\/svg\" viewBox=\"0 0 512 512\"><path d=\"M256 0C114.6 0 0 114.6 0 256c0 141.4 114.6 256 256 256s256-114.6 256-256C512 114.6 397.4 0 256 0zM406.6 278.6l-103.1 103.1c-12.5 12.5-32.75 12.5-45.25 0s-12.5-32.75 0-45.25L306.8 288H128C110.3 288 96 273.7 96 256s14.31-32 32-32h178.8l-49.38-49.38c-12.5-12.5-12.5-32.75 0-45.25s32.75-12.5 45.25 0l103.1 103.1C414.6 241.3 416 251.1 416 256C416 260.9 414.6 270.7 406.6 278.6z\"><\/path><\/svg><\/span><span class=\"uagb-icon-list__label\">Pago total por adelantado<\/span><\/div>\n\n\n\n<div class=\"wp-block-uagb-icon-list-child uagb-block-8c138a85\"><span class=\"uagb-icon-list__source-wrap\"><svg xmlns=\"https:\/\/www.w3.org\/2000\/svg\" viewBox=\"0 0 512 512\"><path d=\"M256 0C114.6 0 0 114.6 0 256c0 141.4 114.6 256 256 256s256-114.6 256-256C512 114.6 397.4 0 256 0zM406.6 278.6l-103.1 103.1c-12.5 12.5-32.75 12.5-45.25 0s-12.5-32.75 0-45.25L306.8 288H128C110.3 288 96 273.7 96 256s14.31-32 32-32h178.8l-49.38-49.38c-12.5-12.5-12.5-32.75 0-45.25s32.75-12.5 45.25 0l103.1 103.1C414.6 241.3 416 251.1 416 256C416 260.9 414.6 270.7 406.6 278.6z\"><\/path><\/svg><\/span><span class=\"uagb-icon-list__label\">De 30 a 60 min. la sesi\u00f3n<\/span><\/div>\n\n\n\n<div class=\"wp-block-uagb-icon-list-child uagb-block-2713ab41\"><span class=\"uagb-icon-list__source-wrap\"><svg xmlns=\"https:\/\/www.w3.org\/2000\/svg\" viewBox=\"0 0 512 512\"><path d=\"M256 0C114.6 0 0 114.6 0 256c0 141.4 114.6 256 256 256s256-114.6 256-256C512 114.6 397.4 0 256 0zM406.6 278.6l-103.1 103.1c-12.5 12.5-32.75 12.5-45.25 0s-12.5-32.75 0-45.25L306.8 288H128C110.3 288 96 273.7 96 256s14.31-32 32-32h178.8l-49.38-49.38c-12.5-12.5-12.5-32.75 0-45.25s32.75-12.5 45.25 0l103.1 103.1C414.6 241.3 416 251.1 416 256C416 260.9 414.6 270.7 406.6 278.6z\"><\/path><\/svg><\/span><span class=\"uagb-icon-list__label\">Sesiones intransferibles<\/span><\/div>\n\n\n\n<div class=\"wp-block-uagb-icon-list-child uagb-block-82623735\"><span class=\"uagb-icon-list__source-wrap\"><svg xmlns=\"https:\/\/www.w3.org\/2000\/svg\" viewBox=\"0 0 512 512\"><path d=\"M256 0C114.6 0 0 114.6 0 256c0 141.4 114.6 256 256 256s256-114.6 256-256C512 114.6 397.4 0 256 0zM406.6 278.6l-103.1 103.1c-12.5 12.5-32.75 12.5-45.25 0s-12.5-32.75 0-45.25L306.8 288H128C110.3 288 96 273.7 96 256s14.31-32 32-32h178.8l-49.38-49.38c-12.5-12.5-12.5-32.75 0-45.25s32.75-12.5 45.25 0l103.1 103.1C414.6 241.3 416 251.1 416 256C416 260.9 414.6 270.7 406.6 278.6z\"><\/path><\/svg><\/span><span class=\"uagb-icon-list__label\">Sesiones no recuperables<\/span><\/div>\n\n\n\n<div class=\"wp-block-uagb-icon-list-child uagb-block-a744962e\"><span class=\"uagb-icon-list__source-wrap\"><svg xmlns=\"https:\/\/www.w3.org\/2000\/svg\" viewBox=\"0 0 512 512\"><path d=\"M256 0C114.6 0 0 114.6 0 256c0 141.4 114.6 256 256 256s256-114.6 256-256C512 114.6 397.4 0 256 0zM406.6 278.6l-103.1 103.1c-12.5 12.5-32.75 12.5-45.25 0s-12.5-32.75 0-45.25L306.8 288H128C110.3 288 96 273.7 96 256s14.31-32 32-32h178.8l-49.38-49.38c-12.5-12.5-12.5-32.75 0-45.25s32.75-12.5 45.25 0l103.1 103.1C414.6 241.3 416 251.1 416 256C416 260.9 414.6 270.7 406.6 278.6z\"><\/path><\/svg><\/span><span class=\"uagb-icon-list__label\">No reembolsos<\/span><\/div>\n\n\n\n<div class=\"wp-block-uagb-icon-list-child uagb-block-2d45c820\"><span class=\"uagb-icon-list__source-wrap\"><svg xmlns=\"https:\/\/www.w3.org\/2000\/svg\" viewBox=\"0 0 512 512\"><path d=\"M256 0C114.6 0 0 114.6 0 256c0 141.4 114.6 256 256 256s256-114.6 256-256C512 114.6 397.4 0 256 0zM406.6 278.6l-103.1 103.1c-12.5 12.5-32.75 12.5-45.25 0s-12.5-32.75 0-45.25L306.8 288H128C110.3 288 96 273.7 96 256s14.31-32 32-32h178.8l-49.38-49.38c-12.5-12.5-12.5-32.75 0-45.25s32.75-12.5 45.25 0l103.1 103.1C414.6 241.3 416 251.1 416 256C416 260.9 414.6 270.7 406.6 278.6z\"><\/path><\/svg><\/span><span class=\"uagb-icon-list__label\">Presencial<\/span><\/div>\n\n\n\n<div class=\"wp-block-uagb-icon-list-child uagb-block-647cce88\"><span class=\"uagb-icon-list__source-wrap\"><svg xmlns=\"https:\/\/www.w3.org\/2000\/svg\" viewBox=\"0 0 512 512\"><path d=\"M256 0C114.6 0 0 114.6 0 256c0 141.4 114.6 256 256 256s256-114.6 256-256C512 114.6 397.4 0 256 0zM406.6 278.6l-103.1 103.1c-12.5 12.5-32.75 12.5-45.25 0s-12.5-32.75 0-45.25L306.8 288H128C110.3 288 96 273.7 96 256s14.31-32 32-32h178.8l-49.38-49.38c-12.5-12.5-12.5-32.75 0-45.25s32.75-12.5 45.25 0l103.1 103.1C414.6 241.3 416 251.1 416 256C416 260.9 414.6 270.7 406.6 278.6z\"><\/path><\/svg><\/span><span class=\"uagb-icon-list__label\">Puntualidad<\/span><\/div>\n<\/div><\/div>\n<\/div>\n<\/div><\/div>\n<\/div><\/div><div class=\"swiper-pagination\"><\/div><div class=\"swiper-button-prev\"><\/div><div class=\"swiper-button-next\"><\/div><\/div>\n<\/div>\n\n\n\n<div class=\"wp-block-uagb-container uagb-block-20cedbf9\">\n<div class=\"wp-block-uagb-image uagb-block-dc00689d wp-block-uagb-image--layout-default wp-block-uagb-image--effect-static wp-block-uagb-image--align-none\"><figure class=\"wp-block-uagb-image__figure\"><img decoding=\"async\" srcset=\"https:\/\/tuentrenadorpersonalperu.vip\/wp-content\/uploads\/2024\/07\/pareja-adultos-plomos1-riot.jpg ,https:\/\/tuentrenadorpersonalperu.vip\/wp-content\/uploads\/2024\/07\/pareja-adultos-plomos1-riot.jpg 780w, https:\/\/tuentrenadorpersonalperu.vip\/wp-content\/uploads\/2024\/07\/pareja-adultos-plomos1-riot.jpg 360w\" sizes=\"auto, (max-width: 480px) 150px\" src=\"https:\/\/tuentrenadorpersonalperu.vip\/wp-content\/uploads\/2024\/07\/pareja-adultos-plomos1-riot.jpg\" alt=\"\" class=\"uag-image-227\" width=\"367\" height=\"539\" title=\"pareja adultos plomos1-riot\" loading=\"lazy\" role=\"img\"\/><\/figure><\/div>\n<\/div>\n\n\n\n<div class=\"wp-block-uagb-container uagb-block-71684b71\">\n<div class=\"wp-block-uagb-slider uagb-block-b4364084 uagb-slider-container\"><div class=\"uagb-slides uagb-swiper\"><div class=\"swiper-wrapper\">\n<div class=\"wp-block-uagb-slider-child uagb-slider-child-wrap swiper-slide uagb-block-3e4112ae\"><div class=\"swiper-content\">\n<div class=\"wp-block-uagb-container uagb-block-8d1faf45\">\n<div class=\"wp-block-uagb-image uagb-block-04995fe4 wp-block-uagb-image--layout-default wp-block-uagb-image--effect-static wp-block-uagb-image--align-none\"><figure class=\"wp-block-uagb-image__figure\"><img decoding=\"async\" srcset=\"https:\/\/tuentrenadorpersonalperu.vip\/wp-content\/uploads\/2025\/03\/GANAS.png ,https:\/\/tuentrenadorpersonalperu.vip\/wp-content\/uploads\/2025\/03\/GANAS.png 780w, https:\/\/tuentrenadorpersonalperu.vip\/wp-content\/uploads\/2025\/03\/GANAS.png 360w\" sizes=\"auto, (max-width: 480px) 150px\" src=\"https:\/\/tuentrenadorpersonalperu.vip\/wp-content\/uploads\/2025\/03\/GANAS.png\" alt=\"PERSONAL TRAINER -LIMA PERU\" class=\"uag-image-390\" width=\"605\" height=\"900\" title=\"GANAS\" loading=\"lazy\" role=\"img\"\/><\/figure><\/div>\n<\/div>\n<\/div><\/div>\n\n\n\n<div class=\"wp-block-uagb-slider-child uagb-slider-child-wrap swiper-slide uagb-block-856b8545\"><div class=\"swiper-content\">\n<div class=\"wp-block-uagb-image uagb-block-d7174306 wp-block-uagb-image--layout-default wp-block-uagb-image--effect-static wp-block-uagb-image--align-none\"><figure class=\"wp-block-uagb-image__figure\"><img decoding=\"async\" srcset=\"https:\/\/tuentrenadorpersonalperu.vip\/wp-content\/uploads\/2025\/03\/SOLO-HAZLO.png ,https:\/\/tuentrenadorpersonalperu.vip\/wp-content\/uploads\/2025\/03\/SOLO-HAZLO.png 780w, https:\/\/tuentrenadorpersonalperu.vip\/wp-content\/uploads\/2025\/03\/SOLO-HAZLO.png 360w\" sizes=\"auto, (max-width: 480px) 150px\" src=\"https:\/\/tuentrenadorpersonalperu.vip\/wp-content\/uploads\/2025\/03\/SOLO-HAZLO.png\" alt=\"PERSONAL TRAINER - LIMA PERU\" class=\"uag-image-391\" width=\"1412\" height=\"1992\" title=\"SOLO HAZLO\" loading=\"lazy\" role=\"img\"\/><\/figure><\/div>\n<\/div><\/div>\n<\/div><\/div><div class=\"swiper-pagination\"><\/div><div class=\"swiper-button-prev\"><\/div><div class=\"swiper-button-next\"><\/div><\/div>\n<\/div>\n<\/div><\/div>\n\n\n\n<div style=\"height:45px\" aria-hidden=\"true\" class=\"wp-block-spacer\"><\/div>\n\n\n\n<div class=\"wp-block-uagb-advanced-heading uagb-block-52b9cc83\" id=\"empecemos\"><h2 class=\"uagb-heading-text\"><strong>EMPECEMOS<\/strong><\/h2><\/div>\n\n\n\n<div class=\"wp-block-uagb-container uagb-block-c8408fe8 alignfull uagb-is-root-container\"><div class=\"uagb-container-inner-blocks-wrap\">\n<div class=\"wp-block-uagb-container uagb-block-5c0b1512\">\n<div data-aos= \"fade-left\" data-aos-duration=\"400\" data-aos-delay=\"0\" data-aos-easing=\"ease\" data-aos-once=\"true\" class=\"wp-block-uagb-image uagb-block-2de69775 wp-block-uagb-image--layout-default wp-block-uagb-image--effect-static wp-block-uagb-image--align-none\"><figure class=\"wp-block-uagb-image__figure\"><img decoding=\"async\" srcset=\"https:\/\/tuentrenadorpersonalperu.vip\/wp-content\/uploads\/2024\/07\/chica-sin-fondo-reducido-con-riot.png ,https:\/\/tuentrenadorpersonalperu.vip\/wp-content\/uploads\/2024\/07\/chica-sin-fondo-reducido-con-riot.png 780w, https:\/\/tuentrenadorpersonalperu.vip\/wp-content\/uploads\/2024\/07\/chica-sin-fondo-reducido-con-riot.png 360w\" sizes=\"auto, (max-width: 480px) 150px\" src=\"https:\/\/tuentrenadorpersonalperu.vip\/wp-content\/uploads\/2024\/07\/chica-sin-fondo-reducido-con-riot.png\" alt=\"Personal Trainer a domicilio en Lima-Per\u00fa\" class=\"uag-image-252\" width=\"900\" height=\"668\" title=\"chica sin fondo-reducido con riot\" loading=\"lazy\" role=\"img\"\/><\/figure><\/div>\n<\/div>\n\n\n\n<div class=\"wp-block-uagb-container uagb-block-9c3d075c\">\n<div class=\"wp-block-uagb-buttons uagb-buttons__outer-wrap uagb-btn__default-btn uagb-btn-tablet__default-btn uagb-btn-mobile__default-btn uagb-block-2d14606f\"><div class=\"uagb-buttons__wrap uagb-buttons-layout-wrap \">\n<div class=\"wp-block-uagb-buttons-child uagb-buttons__outer-wrap uagb-block-aea17e05 wp-block-button\"><div class=\"uagb-button__wrapper\"><a class=\"uagb-buttons-repeater wp-block-button__link\" aria-label=\"\" href=\"https:\/\/forms.gle\/EBKYW1ZzaBbDK1QA7\" rel=\"follow noopener\" target=\"_self\" role=\"button\"><div class=\"uagb-button__link\">CLIC Y EMPEZAR<\/div><\/a><\/div><\/div>\n<\/div><\/div>\n<\/div>\n<\/div><\/div>\n\n\n\n<div style=\"height:36px\" aria-hidden=\"true\" class=\"wp-block-spacer\"><\/div>\n\n\n\n<div class=\"wp-block-uagb-advanced-heading uagb-block-8aeeae46\" id=\"contactos\"><h2 class=\"uagb-heading-text\">CONTACTOS<\/h2><\/div>\n\n\n\n<p><\/p>\n","protected":false},"excerpt":{"rendered":"<p>EMPIEZA AHORA 2026 Damos entrenamientos a hombres y mujeres ENTRENAMIENTOS PLAN Y CONDICIONES EMPECEMOS CONTACTOS<\/p>\n","protected":false},"author":1,"featured_media":0,"parent":0,"menu_order":0,"comment_status":"closed","ping_status":"closed","template":"","meta":{"_uag_custom_page_level_css":"","site-sidebar-layout":"default","site-content-layout":"","ast-site-content-layout":"default","site-content-style":"default","site-sidebar-style":"default","ast-global-header-display":"","ast-banner-title-visibility":"","ast-main-header-display":"","ast-hfb-above-header-display":"","ast-hfb-below-header-display":"","ast-hfb-mobile-header-display":"","site-post-title":"disabled","ast-breadcrumbs-content":"","ast-featured-img":"","footer-sml-layout":"","ast-disable-related-posts":"","theme-transparent-header-meta":"","adv-header-id-meta":"","stick-header-meta":"","header-above-stick-meta":"","header-main-stick-meta":"","header-below-stick-meta":"","astra-migrate-meta-layouts":"default","ast-page-background-enabled":"default","ast-page-background-meta":{"desktop":{"background-color":"var(--ast-global-color-4)","background-image":"","background-repeat":"repeat","background-position":"center center","background-size":"auto","background-attachment":"scroll","background-type":"","background-media":"","overlay-type":"","overlay-color":"","overlay-opacity":"","overlay-gradient":""},"tablet":{"background-color":"","background-image":"","background-repeat":"repeat","background-position":"center center","background-size":"auto","background-attachment":"scroll","background-type":"","background-media":"","overlay-type":"","overlay-color":"","overlay-opacity":"","overlay-gradient":""},"mobile":{"background-color":"","background-image":"","background-repeat":"repeat","background-position":"center center","background-size":"auto","background-attachment":"scroll","background-type":"","background-media":"","overlay-type":"","overlay-color":"","overlay-opacity":"","overlay-gradient":""}},"ast-content-background-meta":{"desktop":{"background-color":"var(--ast-global-color-5)","background-image":"","background-repeat":"repeat","background-position":"center center","background-size":"auto","background-attachment":"scroll","background-type":"","background-media":"","overlay-type":"","overlay-color":"","overlay-opacity":"","overlay-gradient":""},"tablet":{"background-color":"var(--ast-global-color-5)","background-image":"","background-repeat":"repeat","background-position":"center center","background-size":"auto","background-attachment":"scroll","background-type":"","background-media":"","overlay-type":"","overlay-color":"","overlay-opacity":"","overlay-gradient":""},"mobile":{"background-color":"var(--ast-global-color-5)","background-image":"","background-repeat":"repeat","background-position":"center center","background-size":"auto","background-attachment":"scroll","background-type":"","background-media":"","overlay-type":"","overlay-color":"","overlay-opacity":"","overlay-gradient":""}},"footnotes":""},"class_list":["post-33","page","type-page","status-publish","hentry"],"uagb_featured_image_src":{"full":false,"thumbnail":false,"medium":false,"medium_large":false,"large":false,"1536x1536":false,"2048x2048":false},"uagb_author_info":{"display_name":"rfq","author_link":"https:\/\/tuentrenadorpersonalperu.vip\/index.php\/author\/rfq\/"},"uagb_comment_info":0,"uagb_excerpt":"EMPIEZA AHORA 2026 Damos entrenamientos a hombres y mujeres ENTRENAMIENTOS PLAN Y CONDICIONES EMPECEMOS CONTACTOS","_links":{"self":[{"href":"https:\/\/tuentrenadorpersonalperu.vip\/index.php\/wp-json\/wp\/v2\/pages\/33","targetHints":{"allow":["GET"]}}],"collection":[{"href":"https:\/\/tuentrenadorpersonalperu.vip\/index.php\/wp-json\/wp\/v2\/pages"}],"about":[{"href":"https:\/\/tuentrenadorpersonalperu.vip\/index.php\/wp-json\/wp\/v2\/types\/page"}],"author":[{"embeddable":true,"href":"https:\/\/tuentrenadorpersonalperu.vip\/index.php\/wp-json\/wp\/v2\/users\/1"}],"replies":[{"embeddable":true,"href":"https:\/\/tuentrenadorpersonalperu.vip\/index.php\/wp-json\/wp\/v2\/comments?post=33"}],"version-history":[{"count":11,"href":"https:\/\/tuentrenadorpersonalperu.vip\/index.php\/wp-json\/wp\/v2\/pages\/33\/revisions"}],"predecessor-version":[{"id":422,"href":"https:\/\/tuentrenadorpersonalperu.vip\/index.php\/wp-json\/wp\/v2\/pages\/33\/revisions\/422"}],"wp:attachment":[{"href":"https:\/\/tuentrenadorpersonalperu.vip\/index.php\/wp-json\/wp\/v2\/media?parent=33"}],"curies":[{"name":"wp","href":"https:\/\/api.w.org\/{rel}","templated":true}]}}